{"id":1410,"date":"2012-09-04T21:38:35","date_gmt":"2012-09-05T02:38:35","guid":{"rendered":"http:\/\/sparetherock.com\/wordpress\/?page_id=1410"},"modified":"2012-09-04T21:38:35","modified_gmt":"2012-09-05T02:38:35","slug":"science-fair-lyrics","status":"publish","type":"page","link":"https:\/\/sparetherock.com\/wordpress\/science-fair-lyrics\/","title":{"rendered":"Science Fair Lyrics"},"content":{"rendered":"<p>We&#8217;ve had a number of requests to post the lyrics to the songs from <a href=\"http:\/\/sciencefaircd.com\"><em>Science Fair<\/em><\/a>, and I&#8217;m pleased to do so for many of the songs:<\/p>\n<p><strong>1. \u00a0Babe the Blue OX &#8211; Surfin&#8217; Minnesota<\/strong><\/p>\n<p>Two little bugs<br \/>\nSitting on a rug<br \/>\nTalking &#8217;bout the weather<br \/>\nAnd one wondered with a shrug,<br \/>\n&#8220;Do you think it&#8217;s here?<br \/>\nDo you think it&#8217;s time?<br \/>\nTo move out of the city<br \/>\nTo a kinder gentler clime?&#8221;<\/p>\n<p>The sky won&#8217;t fall down<br \/>\n&#8216;Cause I&#8217;m in a band<br \/>\nThe sky won&#8217;t fall down<\/p>\n<p>&#8220;Oh my little dear<br \/>\nOh my little one<br \/>\nIs that all that you&#8217;re scared of<br \/>\nJust an overly-thirsty sun?<br \/>\nWe&#8217;ll just surf Minnesota!<br \/>\nSunbathe Ontario!<br \/>\nWe&#8217;ll winter in Alaska<br \/>\nNow let&#8217;s go, go, go, go!&#8221;<\/p>\n<p>The sky won&#8217;t fall down<br \/>\n&#8216;Cause I&#8217;m in a band<br \/>\nThe sky won&#8217;t fall down<\/p>\n<p>Drip<br \/>\nDrop<\/p>\n<p><strong>2. Moona Luna &#8211; H2O<\/strong><\/p>\n<p>Oh, I&#8217;d rather have the sun come out.<br \/>\nOh, than for the rain to pour down.<br \/>\nOh, I&#8217;d rather have the sun come out.<br \/>\nOh, than for the rain to pour down.<br \/>\nI know it&#8217;s inevitable and also necessary.<br \/>\nThe plants and the animals, they need water to live and so do we.<br \/>\nH20.<\/p>\n<p>O, prefiero cuando brilla el sol.<br \/>\nO, en vez de cuando llueve.<br \/>\nO, prefiero cuando brilla el sol.<br \/>\nO, en vez de cuando llueve.<br \/>\nYo se que es inevitable y tambien necesario.<br \/>\nLas plantas y los animales necesitan agua como nosotros.<br \/>\nH20.<\/p>\n<p><strong>3. \u00a0Deedle Deedle Dees &amp; IMPACT Repertory Theatre &#8211; Time Machine<\/strong><\/p>\n<p><strong>4. \u00a0Frances England &#8211; Goldilocks Zone<\/strong><\/p>\n<p>Late at night, underneath the moonlight<br \/>\nStaring up at the stars<br \/>\nI&#8217;m wondering if somewhere in the universe<br \/>\nthere could be a planet like ours<\/p>\n<p>Oh, we may have friends far from home<br \/>\nWaiting for us in the Goldilocks Zone<\/p>\n<p>Not too hot, not too cold<br \/>\nIn the middle, just right<br \/>\nCould this star be your sun?<br \/>\nCould you be there,<br \/>\nI&#8217;ll be looking for you every night<br \/>\nYou keep me on my toes<\/p>\n<p>Oh, we may have friends far from home<br \/>\nWaiting for us in the Goldilocks Zone<\/p>\n<p>Not too hot, not too cold<br \/>\nIn the middle, just right<br \/>\nNot too hot, not too cold<br \/>\nthe Goldilocks Zone<\/p>\n<p><strong>5. \u00a0Nields &#8211; Butterfly<\/strong><\/p>\n<p><strong>6. \u00a0Laura Veirs &#8211; Little Black Rock<\/strong><\/p>\n<p>standing in a forest all covered in snow<br \/>\ni got a few match sticks and a lump of coal<br \/>\n20 below but i&#8217;ll be ok<br \/>\nmy little black rock gonna light the way<\/p>\n<p>CHORUS:<br \/>\nmy little black rock<br \/>\ntrapped the sun for a million years<br \/>\nmy little black rock<br \/>\nmelt my heart when your flames come near<\/p>\n<p>working up sun strength in their leaves<br \/>\ni thank those giant horsetail trees<br \/>\nmy lips are blue but not for long<br \/>\nmy little black rock is burning strong<\/p>\n<p>CHORUS<\/p>\n<p>inst V and Ch<\/p>\n<p>twenty five miles til i reach the shore<br \/>\nmy little black rock may be no more<br \/>\ncatch a southbound ship if we&#8217;re not iced in<br \/>\nor we&#8217;ll wait it out eatin&#8217; fish from a tin<\/p>\n<p>CHORUS extended<\/p>\n<p><strong>7. \u00a0Elizabeth Mitchell &#8211; Phytoplankton (written by Molly Ledford)<\/strong><\/p>\n<p><strong>8. \u00a0Mates of State &#8211; I Am A Scientist (written by Robert Pollard)<\/strong><\/p>\n<p><strong>9. \u00a0Wunmi &#8211; Rainbow<\/strong><\/p>\n<p><strong>10. \u00a0Cat &amp; a Bird &#8211; Constellation Bound<\/strong><\/p>\n<p>on the bus to the rocket site<br \/>\nrocket is ready to go<br \/>\ncaptain&#8217;s orders: &#8220;seat belts on!<br \/>\nCountdown started. Let&#8217;s go!&#8221;<\/p>\n<p>CHORUS:<br \/>\nramping up speed going thru the clouds<br \/>\nbooster engines off, boy, were they loud<br \/>\nthe sky&#8217;s getting darker and colder around<br \/>\nwe are in the spaceship constellation bound<\/p>\n<p>there&#8217;s a Russian satellite<br \/>\nand a French and a German one too<br \/>\nbut we&#8217;ll pass them in a blink of an eye<br \/>\nthey won&#8217;t be spoiling our view<\/p>\n<p>of they space!<br \/>\ndark empty space.<br \/>\ndark empty space.<br \/>\nbut empty it&#8217;s NOT!<br \/>\nconstellations left and right<br \/>\nthere&#8217;s so many, who would&#8217;ve thought!?<\/p>\n<p>CHORUS:<br \/>\nLeo, Pisces, Taurus and Puppis<br \/>\nCorvus, Crater, Cygnus and Libra<br \/>\nDraco, Aquarius, Pegasus and Ara<br \/>\nScorpius, Norma, Delphinus, Hydra<\/p>\n<p>Big Deeper is winking at me<br \/>\nand Leo is the king of the sky<br \/>\nLyra is hiding, Orion&#8217;s exciting<br \/>\nand Libra&#8217;s perpetually shy<\/p>\n<p>Setting the course to Centarus<br \/>\nI&#8217;m sure we&#8217;ll get to it soon<br \/>\nit&#8217;s the nearest one to the Earth<br \/>\nwe will slingshot &#8217;round the Moon<\/p>\n<p>CHORUS:<br \/>\nramping up speed going thru asteroid belt<br \/>\nion engines on, I hope they don&#8217;t melt<br \/>\nthe sky&#8217;s getting darker and colder around<br \/>\nwe are in the spaceship constellation bound<\/p>\n<p>Leo, Pisces, Taurus and Puppis<br \/>\nCorvus, Crater, Cygnus and Libra<br \/>\nDraco, Aquarius, Pegasus and Ara<br \/>\nScorpius, Norma, Delphinus, Hydra<\/p>\n<p><strong>11. Lunch Money &#8211; To Be a Fossil<\/strong><\/p>\n<p>To be a fossil<br \/>\na million years from now<br \/>\nand make you say, &#8220;Holy cow!&#8221;<br \/>\nThough you probably won&#8217;t say &#8220;holy cow&#8221; a million years from now<\/p>\n<p>to be discovered<br \/>\nlike all those ammonites<br \/>\nand maybe shed a little light<br \/>\non a history you&#8217;re trying to rewrite<\/p>\n<p>I promise not to be too sneaky<br \/>\ncome and find me, Mary Leakey<br \/>\ni&#8217;m a little piece you&#8217;re seeking<br \/>\nTell a story with my bones<\/p>\n<p>Follow your gut<br \/>\nwith a sieve and a wire brush<br \/>\nthe holocene epoch<br \/>\nawaits you in all of this sedimentary rock<\/p>\n<p>love to know how<br \/>\nthe earth has come along<br \/>\nis the sun going strong?<br \/>\ndo you live here or is this cosmic gallivant?<\/p>\n<p>crackles in the fossil record<br \/>\nancient insects caught in amber<br \/>\nI can help the world remember<br \/>\ntell a story with my bones<\/p>\n<p>[ETHEREAL PAUSE]<\/p>\n<p>the movement of the continents<br \/>\nthe changes in the climate<br \/>\nthe species that would fade<br \/>\nan evolution onward<br \/>\nof the ones that were stalwart<br \/>\nand all the things they made<\/p>\n<p>[DREAMY, LAYERED OUTRO]<\/p>\n<p>to be a fossil<br \/>\na million years from now\u2026\u2026\u2026\u2026\u2026\u2026to be a fossil [REPEAT TO DESIRED EFFECT]<\/p>\n<p>LISTING UNDERNEATH END:<\/p>\n<p>bicycles and blue trombones<br \/>\nsilver spoons and styrofoam<br \/>\nastroturf and boards for surf<br \/>\nbottle caps, rotary phones<\/p>\n<p>scaffolding and bed springs<br \/>\nsteering wheels, vending machines<br \/>\nroller skates and license plates<br \/>\nautomatons who could do drawings<\/p>\n<p>rubicks cubes and leisure suits<br \/>\nradios and tennis shoes<br \/>\nginzu knives and MRIs<br \/>\nand metal boxes full of screws<\/p>\n<p>nickels, pennies, subway tokens<br \/>\npots and pans, stars for throwin&#8217;<br \/>\npicture frames and daisy chains and<br \/>\nnecklaces with hearts that open<\/p>\n<p><strong>12. MC Fireworks (with Secret Agent 23 Skidoo) &#8211; Rocket Science<\/strong><\/p>\n<p><strong>13. Renee &amp; Jeremy &#8211; (I Wanna Be Like) Madame Curie<\/strong><\/p>\n<p>my friends think it&#8217;s boring<br \/>\nwhen I wanna go exploring the particles<br \/>\nand elements the building blocks of life<\/p>\n<p>but give me a microscope<br \/>\nand 2 ounces of hope<br \/>\nand we just might make<br \/>\nscience history<\/p>\n<p>chorus<br \/>\nI wanna be like madame curie<br \/>\nwhen I grow up<br \/>\nexplore the world that&#8217;s always twirling<br \/>\nand other stuff<\/p>\n<p>I&#8217;d build my own laboratory<br \/>\nthen maybe people would sing my story<br \/>\njust like madame curie<\/p>\n<p>she was a professor the first woman<br \/>\never in paris at the university<\/p>\n<p>it&#8217;s not easy to discover what madame had uncovered<br \/>\npolonium and radium -that others could not see<\/p>\n<p>so she took her microscope<br \/>\nand 2 ounces of hope<br \/>\nand found the theory of radioactivity<\/p>\n<p>bridge<br \/>\ntime with tell- if all goes well<br \/>\nwouldn&#8217;t it be swell to win a nobel (or 2)<\/p>\n<p><strong>14. Rachel Loshak &#8211; Oh Girl<\/strong><\/p>\n<p>Every morning I wake up and open my eyes<br \/>\nI see as if for the first time the light in the sky<br \/>\nI measure the daffodils, measure the snow<br \/>\nLooking around for more things I can know<\/p>\n<p>Oh girl, you can be whatever you want to be<br \/>\nDon&#8217;t stop, step out, there&#8217;s a whole world to see<br \/>\nLook from the rooftop, o&#8217;er the garden<br \/>\nTo the mountains and plains<br \/>\nThere&#8217;s a world there if you want it<br \/>\nFor you just the same<\/p>\n<p>I ponder on the future, I picture a birth<br \/>\nKnowing that I&#8217;ll be a woman, walking the earth<br \/>\nJust like my mother, just like a queen<br \/>\nLike a princess or pauper and all in-between<\/p>\n<p>Chorus<\/p>\n<p>In the evening I lay down and closing my eyes<br \/>\nI feel as if for the first time I&#8217;ve discovered the skies<br \/>\nI measured the daffodils, measured the snow<br \/>\nI can&#8217;t wait to wake up, to uncover the new things to know<\/p>\n<p>Chorus<\/p>\n<p><strong>15. Alison Faith Levy &amp; Rudy Trubitt &#8211; Deja Vu<\/strong><\/p>\n<p>Ever feel like everything that\u2019s happened<br \/>\nhas happened the same way previously<br \/>\nand you\u2019re caught up in a time warp<br \/>\nand you blink your eyes kinda nervously<\/p>\n<p>you said the same thing in the same place<br \/>\nto the same person with the same face<br \/>\nand heard the music play and saw the same view<br \/>\nwell there\u2019s a name for it, I\u2019m telling you it\u2019s\u2026<\/p>\n<p>d\u00e9j\u00e0 vu, d\u00e9j\u00e0 vu<br \/>\nyeah it\u2019s me again, you\u2019re talking to<br \/>\nd\u00e9j\u00e0 vu, d\u00e9j\u00e0 vu<br \/>\nif it feels like you\u2019ve been here before, if it feels like you\u2019ve been here before<br \/>\nit\u2019s true!<\/p>\n<p>could it be a wormhole in time<br \/>\ncould it be a trick of the mind<br \/>\nnevermind it\u2019s all too weird<br \/>\nd\u00e9j\u00e0 vu puts you right back here<\/p>\n<p>Einstein and Sir Stephen Hawking<br \/>\nSimone de Beauvoir, Stanislavski<br \/>\nSusan Sontag and Noam Chomsky<br \/>\nTried to find the cause of\u2026<\/p>\n<p>d\u00e9j\u00e0 vu, d\u00e9j\u00e0 vu<br \/>\nyeah it\u2019s me again, you\u2019re talking to<br \/>\nd\u00e9j\u00e0 vu, d\u00e9j\u00e0 vu<br \/>\nif it feels like you\u2019ve been here before, if it feels like you\u2019ve been here before<br \/>\nit\u2019s true!<\/p>\n<p><strong>16. Lori Henriques &#8211; Heisenberg&#8217;s Aha!<\/strong><\/p>\n<p>Electrons are highly mysterious<br \/>\nThis topic indeed is quite serious<br \/>\nIt&#8217;s starting to feel so imperious<br \/>\nI think I&#8217;m becoming delirious<\/p>\n<p>I wanted to finally grasp<br \/>\nThe Quantum Mechanics at last<br \/>\nI stayed up for half the night reading<br \/>\nAnd by morning I felt like retreating<\/p>\n<p>I hardly could see how this thing could be<br \/>\nA concept I could comprehend<br \/>\nIt&#8217;s as if I&#8217;d come to the point I was numb<br \/>\nAll the way to my mind&#8217;s bitter end<\/p>\n<p>After all those hours of thinking<br \/>\nJust as I felt I was sinking<br \/>\nI was saying things like &#8220;Aye yigh yigh yeynman&#8221;<br \/>\nWhen I heard the voice of Dr. Feynman<\/p>\n<p>He gave some advice that sounded quite nice<br \/>\nHe talked about imagination<br \/>\nWe must &#8220;stretch it out to the utmost&#8221;<br \/>\nA companion to our concentration<\/p>\n<p>When we open our minds and calmly let go<br \/>\nOf needing things to be familiar<br \/>\nWe can then head on face them and gladly embrace them<br \/>\nAnd celebrate how they&#8217;re peculiar!<\/p>\n<p>An electron looks like a particle<br \/>\nAnd it also acts like a wave<br \/>\nAnd once I began to accept this<br \/>\nThat electron began to behave<\/p>\n<p>This is called complementarity<br \/>\nWhen a concept that seems a disparity<br \/>\nIs the very best way we can show<br \/>\nHow a set of phenomena go<\/p>\n<p>He went on to say how he learned this one day<br \/>\nWhile studying dear Werner Heisenberg<br \/>\nWho walked after dark to his neighborhood park<br \/>\nJust to keep his blood pressure from risin'(berg)<\/p>\n<p>As he walked on in his torment<br \/>\nQuestioning waves versus particles<br \/>\nHe encountered his own aha moment<br \/>\nWhich is now found in hundreds of articles<\/p>\n<p>More than eighty years ago<br \/>\nWerner Heisenberg managed to show<br \/>\nProbability and Uncertainty<br \/>\nBoth exist we must agree<br \/>\nThe future&#8217;s unpredictable<br \/>\nNo matter how well we see<br \/>\nDear Heisenberg embraced this<br \/>\nThe beauty of uncertainty<\/p>\n<p>You can either know where the electron is<br \/>\nOr where the electron is going<br \/>\nBut you can&#8217;t know both at the very same time<br \/>\nCause the measuring affects what you&#8217;re knowing<\/p>\n<p>Again, it&#8217;s called complementarity<br \/>\nWhen a concept that seems a disparity<br \/>\nIs the very best way we can show<br \/>\nHow a set of phenomena go<\/p>\n<p>The very act of observing<br \/>\nChanges an electron&#8217;s location<br \/>\nAnd I&#8217;d be remiss If I didn&#8217;t say this<br \/>\nWas a bit of a collaboration<\/p>\n<p>The ideas that all came together<br \/>\nFor Heisenberg to have his zinger<br \/>\nWere inspired by studies before<br \/>\nThat came from Niels Bohr and Schr\u00f6dinger<\/p>\n<p>And indeed Schr\u00f6dinger and Bohr<br \/>\nWere inspired by who came before<br \/>\nLike Pascal and Coulomb and Newton<br \/>\nAnd Maxwell and Einstein and more<\/p>\n<p>There&#8217;s a path from all of this knowledge<br \/>\nAnd it&#8217;s leading directly to you<br \/>\nTo pick-up where others left off<br \/>\nAnd discover a concept that&#8217;s new<\/p>\n<p>And remember your imagination<br \/>\nIs a voice inside that can help you<br \/>\nTo understand Quantum Mechanics<br \/>\nAnd so many more things about you<\/p>\n<p>These particle waves are so active<br \/>\nIn each atom they&#8217;re racing around<br \/>\nThey&#8217;re all taking up so much room<br \/>\nAnd they really and truly astound<\/p>\n<p>The vast spaces where electrons roam<br \/>\nMean we&#8217;re not as solid as we thought<br \/>\nSo actually, when you sit down to tea<br \/>\nYou&#8217;re levitating on the spot!<\/p>\n<p>The wilder the concept the more fun it is<br \/>\nI feel scientifically brave<br \/>\nAnd thanks to dear Heisenberg&#8217;s aha we know<br \/>\nAn electron is both a particllllllle&#8230; and a wave!<\/p>\n<p><strong>17. Barbara Brousal &#8211; I Wonder<\/strong><\/p>\n<p>1\/ How do you make a bubble?<br \/>\nWhat&#8217;s in invisible ink?<br \/>\nWhy does the moon get bigger and smaller<br \/>\nAnd bigger and smaller you think?<\/p>\n<p>I Wonder<\/p>\n<p>2\/ What glows on the tail of a firefly,<br \/>\nWhen he&#8217;s floating in the summer sky?<br \/>\nWhy can he soar and why can&#8217;t I?<br \/>\nAnd you lose him in a blink.<\/p>\n<p>I Wonder<br \/>\nI Wonder<\/p>\n<p>Bridge\/ And how much, how much do I love you?<br \/>\nAs wide as the sky as bright as the moon,<br \/>\nAs loud as a thunder storm in June?<br \/>\nPerhaps you will answer<br \/>\nAll of these questions soon<\/p>\n<p>Musical Interlude<\/p>\n<p>3\/ How far away am I,<br \/>\nFrom the stars burning up in the dark black sky?<br \/>\nFrom the planets spinning wildly by,<br \/>\nHow far am I?<\/p>\n<p>I Wonder<br \/>\nI Wonder<\/p>\n<p><strong>18. Ashley Albert &#8211; The Science Fair.<\/strong><\/p>\n","protected":false},"excerpt":{"rendered":"<p>We&#8217;ve had a number of requests to post the lyrics to the songs from Science Fair, and I&#8217;m pleased to do so for many of the songs: 1. \u00a0Babe the Blue OX &#8211; Surfin&#8217; Minnesota Two little bugs Sitting on a rug Talking &#8217;bout the weather And one wondered with a shrug, &#8220;Do you think [&hellip;]<\/p>\n","protected":false},"author":2,"featured_media":0,"parent":0,"menu_order":6,"comment_status":"open","ping_status":"closed","template":"","meta":{"footnotes":"","_links_to":"","_links_to_target":""},"class_list":["post-1410","page","type-page","status-publish","hentry"],"_links":{"self":[{"href":"https:\/\/sparetherock.com\/wordpress\/wp-json\/wp\/v2\/pages\/1410","targetHints":{"allow":["GET"]}}],"collection":[{"href":"https:\/\/sparetherock.com\/wordpress\/wp-json\/wp\/v2\/pages"}],"about":[{"href":"https:\/\/sparetherock.com\/wordpress\/wp-json\/wp\/v2\/types\/page"}],"author":[{"embeddable":true,"href":"https:\/\/sparetherock.com\/wordpress\/wp-json\/wp\/v2\/users\/2"}],"replies":[{"embeddable":true,"href":"https:\/\/sparetherock.com\/wordpress\/wp-json\/wp\/v2\/comments?post=1410"}],"version-history":[{"count":0,"href":"https:\/\/sparetherock.com\/wordpress\/wp-json\/wp\/v2\/pages\/1410\/revisions"}],"wp:attachment":[{"href":"https:\/\/sparetherock.com\/wordpress\/wp-json\/wp\/v2\/media?parent=1410"}],"curies":[{"name":"wp","href":"https:\/\/api.w.org\/{rel}","templated":true}]}}